{"id":29,"date":"2020-09-24T16:04:51","date_gmt":"2020-09-24T14:04:51","guid":{"rendered":"http:\/\/studentchaptersegsga.unilasalle.fr\/?page_id=29"},"modified":"2020-11-02T21:27:35","modified_gmt":"2020-11-02T20:27:35","slug":"a-propos","status":"publish","type":"page","link":"https:\/\/studentchaptersegsga.unilasalle.fr\/index.php\/a-propos\/","title":{"rendered":"\u00c0 propos"},"content":{"rendered":"\n<div class=\"wp-block-image\"><figure class=\"aligncenter size-large is-resized\"><img decoding=\"async\" src=\"https:\/\/studentchaptersegsga.unilasalle.fr\/wp-content\/uploads\/2020\/11\/48425359_2359130087722685_4343606211489300480_n.png\" alt=\"\" class=\"wp-image-41\" width=\"214\" height=\"214\"\/><\/figure><\/div>\n\n\n\n<p>[English Below]<\/p>\n\n\n\n<p>Le Student Chapter SEG-SGA UniLaSalle France est une association \u00e9tudiante de l&rsquo;institut UniLaSalle, Beauvais cr\u00e9e en 2007. Elle est compos\u00e9e d&rsquo;\u00e9l\u00e8ves ing\u00e9nieurs en 4\u00e8me et 5\u00e8me ann\u00e9es suivant le parcours d&rsquo;approfondissement \u00ab\u00a0Mines et Carri\u00e8res\u00a0\u00bb. Les principales activit\u00e9s de l&rsquo;association sont centr\u00e9es autour du monde des mines et carri\u00e8res. Nous organisons des conf\u00e9rences avec des entreprises et professionnels du secteur ainsi que des visites. Chaque ann\u00e9e, un \u00ab\u00a0Field Trip\u00a0\u00bb de plusieurs jours est organis\u00e9 afin de d\u00e9couvrir les exploitations mini\u00e8res et les carri\u00e8res d&rsquo;une r\u00e9gion\/d&rsquo;un pays. <\/p>\n\n\n\n<p>Notre association est rattach\u00e9e \u00e0 deux associations professionnelles du secteur. La \u00ab\u00a0Society of Economic Geologists\u00a0\u00bb (SEG) et la \u00ab\u00a0Society for Geology Applied to mineral deposits\u00a0\u00bb (SGA). Ces deux associations sont un appuie pr\u00e9cieux nous permettant de rentrer en contact avec des professionnels et finan\u00e7ant une partie de nos activit\u00e9s. <\/p>\n\n\n\n<p><em>The student chapter is a professional association of UniLaSalle, which members are fourth and fifth year engineering students in Geology field, specialized in Mines and Quarries. The aim of this association is to organize conferences in UniLaSalle as well as companies visits and a field trip<\/em>.<\/p>\n\n\n\n<p><em>Our association is attached to two professional associations in the sector. The Society of Economic Geologists (SEG) and the Society for Geology Applied to mineral deposits (SGA). These two associations are a valuable support allowing us to get in touch with professionals and finance part of our activities.<\/em><\/p>\n","protected":false},"excerpt":{"rendered":"<p>[English Below] Le Student Chapter SEG-SGA UniLaSalle France est une association \u00e9tudiante de l&rsquo;institut UniLaSalle, Beauvais cr\u00e9e en 2007. Elle est compos\u00e9e d&rsquo;\u00e9l\u00e8ves ing\u00e9nieurs en 4\u00e8me et 5\u00e8me ann\u00e9es suivant le parcours d&rsquo;approfondissement \u00ab\u00a0Mines et Carri\u00e8res\u00a0\u00bb. Les principales activit\u00e9s de l&rsquo;association sont centr\u00e9es autour du monde des mines et carri\u00e8res. [&hellip;]<\/p>\n","protected":false},"author":1,"featured_media":0,"parent":0,"menu_order":0,"comment_status":"closed","ping_status":"closed","template":"","meta":{"footnotes":""},"class_list":["post-29","page","type-page","status-publish","hentry"],"_links":{"self":[{"href":"https:\/\/studentchaptersegsga.unilasalle.fr\/index.php\/wp-json\/wp\/v2\/pages\/29","targetHints":{"allow":["GET"]}}],"collection":[{"href":"https:\/\/studentchaptersegsga.unilasalle.fr\/index.php\/wp-json\/wp\/v2\/pages"}],"about":[{"href":"https:\/\/studentchaptersegsga.unilasalle.fr\/index.php\/wp-json\/wp\/v2\/types\/page"}],"author":[{"embeddable":true,"href":"https:\/\/studentchaptersegsga.unilasalle.fr\/index.php\/wp-json\/wp\/v2\/users\/1"}],"replies":[{"embeddable":true,"href":"https:\/\/studentchaptersegsga.unilasalle.fr\/index.php\/wp-json\/wp\/v2\/comments?post=29"}],"version-history":[{"count":4,"href":"https:\/\/studentchaptersegsga.unilasalle.fr\/index.php\/wp-json\/wp\/v2\/pages\/29\/revisions"}],"predecessor-version":[{"id":48,"href":"https:\/\/studentchaptersegsga.unilasalle.fr\/index.php\/wp-json\/wp\/v2\/pages\/29\/revisions\/48"}],"wp:attachment":[{"href":"https:\/\/studentchaptersegsga.unilasalle.fr\/index.php\/wp-json\/wp\/v2\/media?parent=29"}],"curies":[{"name":"wp","href":"https:\/\/api.w.org\/{rel}","templated":true}]}}