{"id":91,"date":"2020-11-02T23:53:25","date_gmt":"2020-11-02T22:53:25","guid":{"rendered":"http:\/\/studentchaptersegsga.unilasalle.fr\/?page_id=91"},"modified":"2020-11-03T00:27:36","modified_gmt":"2020-11-02T23:27:36","slug":"galerie","status":"publish","type":"page","link":"https:\/\/studentchaptersegsga.unilasalle.fr\/index.php\/galerie\/","title":{"rendered":"Galerie"},"content":{"rendered":"\t\t<div data-elementor-type=\"wp-page\" data-elementor-id=\"91\" class=\"elementor elementor-91\">\n\t\t\t\t\t\t<section class=\"elementor-section elementor-top-section elementor-element elementor-element-dc8fd0b elementor-section-boxed elementor-section-height-default elementor-section-height-default\" data-id=\"dc8fd0b\" data-element_type=\"section\" data-e-type=\"section\">\n\t\t\t\t\t\t<div class=\"elementor-container elementor-column-gap-default\">\n\t\t\t\t\t<div class=\"elementor-column elementor-col-33 elementor-top-column elementor-element elementor-element-57e6c62\" data-id=\"57e6c62\" data-element_type=\"column\" data-e-type=\"column\">\n\t\t\t<div class=\"elementor-widget-wrap elementor-element-populated\">\n\t\t\t\t\t\t<div class=\"elementor-element elementor-element-6ca5a7c elementor-widget__width-inherit elementor-arrows-position-inside elementor-pagination-position-outside elementor-widget elementor-widget-image-carousel\" data-id=\"6ca5a7c\" data-element_type=\"widget\" data-e-type=\"widget\" data-settings=\"{&quot;slides_to_show&quot;:&quot;1&quot;,&quot;navigation&quot;:&quot;both&quot;,&quot;autoplay&quot;:&quot;yes&quot;,&quot;pause_on_hover&quot;:&quot;yes&quot;,&quot;pause_on_interaction&quot;:&quot;yes&quot;,&quot;autoplay_speed&quot;:5000,&quot;infinite&quot;:&quot;yes&quot;,&quot;effect&quot;:&quot;slide&quot;,&quot;speed&quot;:500}\" data-widget_type=\"image-carousel.default\">\n\t\t\t\t<div class=\"elementor-widget-container\">\n\t\t\t\t\t\t\t<div class=\"elementor-image-carousel-wrapper swiper\" role=\"region\" aria-roledescription=\"carousel\" aria-label=\"Carrousel d\u2019images\" dir=\"ltr\">\n\t\t\t<div class=\"elementor-image-carousel swiper-wrapper\" aria-live=\"off\">\n\t\t\t\t\t\t\t\t<div class=\"swiper-slide\" role=\"group\" aria-roledescription=\"slide\" aria-label=\"1 sur 24\"><figure class=\"swiper-slide-inner\"><img decoding=\"async\" class=\"swiper-slide-image\" src=\"https:\/\/studentchaptersegsga.unilasalle.fr\/wp-content\/uploads\/2020\/11\/Tellure_3.jpg\" alt=\"Sainte Marie aux mines - Tellure\" \/><figcaption class=\"elementor-image-carousel-caption\">Sainte Marie aux mines - Tellure<\/figcaption><\/figure><\/div><div class=\"swiper-slide\" role=\"group\" aria-roledescription=\"slide\" aria-label=\"2 sur 24\"><figure class=\"swiper-slide-inner\"><img decoding=\"async\" class=\"swiper-slide-image\" src=\"https:\/\/studentchaptersegsga.unilasalle.fr\/wp-content\/uploads\/2020\/11\/Tellure_2.jpg\" alt=\"Sainte Marie aux mines - Tellure\" \/><figcaption class=\"elementor-image-carousel-caption\">Sainte Marie aux mines - Tellure<\/figcaption><\/figure><\/div><div class=\"swiper-slide\" role=\"group\" aria-roledescription=\"slide\" aria-label=\"3 sur 24\"><figure class=\"swiper-slide-inner\"><img decoding=\"async\" class=\"swiper-slide-image\" src=\"https:\/\/studentchaptersegsga.unilasalle.fr\/wp-content\/uploads\/2020\/11\/Tellure_1.jpg\" alt=\"Sainte Marie aux mines - Tellure\" \/><figcaption class=\"elementor-image-carousel-caption\">Sainte Marie aux mines - Tellure<\/figcaption><\/figure><\/div><div class=\"swiper-slide\" role=\"group\" aria-roledescription=\"slide\" aria-label=\"4 sur 24\"><figure class=\"swiper-slide-inner\"><img decoding=\"async\" class=\"swiper-slide-image\" src=\"https:\/\/studentchaptersegsga.unilasalle.fr\/wp-content\/uploads\/2020\/11\/Saint_Pierre_Bois_2.jpg\" alt=\"Carri\u00e8re de Saint Pierre Bois\" \/><figcaption class=\"elementor-image-carousel-caption\">Carri\u00e8re de Saint Pierre Bois<\/figcaption><\/figure><\/div><div class=\"swiper-slide\" role=\"group\" aria-roledescription=\"slide\" aria-label=\"5 sur 24\"><figure class=\"swiper-slide-inner\"><img decoding=\"async\" class=\"swiper-slide-image\" src=\"https:\/\/studentchaptersegsga.unilasalle.fr\/wp-content\/uploads\/2020\/11\/Saint_Pierre_Bois_1.jpg\" alt=\"Carri\u00e8re de Saint Pierre Bois\" \/><figcaption class=\"elementor-image-carousel-caption\">Carri\u00e8re de Saint Pierre Bois<\/figcaption><\/figure><\/div><div class=\"swiper-slide\" role=\"group\" aria-roledescription=\"slide\" aria-label=\"6 sur 24\"><figure class=\"swiper-slide-inner\"><img decoding=\"async\" class=\"swiper-slide-image\" src=\"https:\/\/studentchaptersegsga.unilasalle.fr\/wp-content\/uploads\/2020\/11\/Kalivie_4.jpg\" alt=\"Le mus\u00e9e Kalivie - Potasse\" \/><figcaption class=\"elementor-image-carousel-caption\">Le mus\u00e9e Kalivie - Potasse<\/figcaption><\/figure><\/div><div class=\"swiper-slide\" role=\"group\" aria-roledescription=\"slide\" aria-label=\"7 sur 24\"><figure class=\"swiper-slide-inner\"><img decoding=\"async\" class=\"swiper-slide-image\" src=\"https:\/\/studentchaptersegsga.unilasalle.fr\/wp-content\/uploads\/2020\/11\/Carreau_R_11.jpg\" alt=\"Carreau Rodolphe - Haveuse\" \/><figcaption class=\"elementor-image-carousel-caption\">Carreau Rodolphe - Haveuse<\/figcaption><\/figure><\/div><div class=\"swiper-slide\" role=\"group\" aria-roledescription=\"slide\" aria-label=\"8 sur 24\"><figure class=\"swiper-slide-inner\"><img decoding=\"async\" class=\"swiper-slide-image\" src=\"https:\/\/studentchaptersegsga.unilasalle.fr\/wp-content\/uploads\/2020\/11\/Carreau_R_12.jpg\" alt=\"Carreau Rodolphe - Engins d&#039;extraction\" \/><figcaption class=\"elementor-image-carousel-caption\">Carreau Rodolphe - Engins d'extraction<\/figcaption><\/figure><\/div><div class=\"swiper-slide\" role=\"group\" aria-roledescription=\"slide\" aria-label=\"9 sur 24\"><figure class=\"swiper-slide-inner\"><img decoding=\"async\" class=\"swiper-slide-image\" src=\"https:\/\/studentchaptersegsga.unilasalle.fr\/wp-content\/uploads\/2020\/11\/CIGEO_1.jpg\" alt=\"Le projet CIGEO \u00e0 500m sous terre\" \/><figcaption class=\"elementor-image-carousel-caption\">Le projet CIGEO \u00e0 500m sous terre<\/figcaption><\/figure><\/div><div class=\"swiper-slide\" role=\"group\" aria-roledescription=\"slide\" aria-label=\"10 sur 24\"><figure class=\"swiper-slide-inner\"><img decoding=\"async\" class=\"swiper-slide-image\" src=\"https:\/\/studentchaptersegsga.unilasalle.fr\/wp-content\/uploads\/2020\/11\/Kalivie_1.jpg\" alt=\"Le mus\u00e9e Kalivie accompagn\u00e9 du mineur &quot;Pauli&quot;\" \/><figcaption class=\"elementor-image-carousel-caption\">Le mus\u00e9e Kalivie accompagn\u00e9 du mineur \"Pauli\"<\/figcaption><\/figure><\/div><div class=\"swiper-slide\" role=\"group\" aria-roledescription=\"slide\" aria-label=\"11 sur 24\"><figure class=\"swiper-slide-inner\"><img decoding=\"async\" class=\"swiper-slide-image\" src=\"https:\/\/studentchaptersegsga.unilasalle.fr\/wp-content\/uploads\/2020\/11\/Kalivie_2.jpg\" alt=\"Le mus\u00e9e Kalivie - La salle des pendus\" \/><figcaption class=\"elementor-image-carousel-caption\">Le mus\u00e9e Kalivie - La salle des pendus<\/figcaption><\/figure><\/div><div class=\"swiper-slide\" role=\"group\" aria-roledescription=\"slide\" aria-label=\"12 sur 24\"><figure class=\"swiper-slide-inner\"><img decoding=\"async\" class=\"swiper-slide-image\" src=\"https:\/\/studentchaptersegsga.unilasalle.fr\/wp-content\/uploads\/2020\/11\/Kalivie_3.jpg\" alt=\"Le mus\u00e9e Kalivie - Potasse\" \/><figcaption class=\"elementor-image-carousel-caption\">Le mus\u00e9e Kalivie - Potasse<\/figcaption><\/figure><\/div><div class=\"swiper-slide\" role=\"group\" aria-roledescription=\"slide\" aria-label=\"13 sur 24\"><figure class=\"swiper-slide-inner\"><img decoding=\"async\" class=\"swiper-slide-image\" src=\"https:\/\/studentchaptersegsga.unilasalle.fr\/wp-content\/uploads\/2020\/11\/Carreau_R_10.jpg\" alt=\"Carreau Rodolphe - Engins d&#039;extraction\" \/><figcaption class=\"elementor-image-carousel-caption\">Carreau Rodolphe - Engins d'extraction<\/figcaption><\/figure><\/div><div class=\"swiper-slide\" role=\"group\" aria-roledescription=\"slide\" aria-label=\"14 sur 24\"><figure class=\"swiper-slide-inner\"><img decoding=\"async\" class=\"swiper-slide-image\" src=\"https:\/\/studentchaptersegsga.unilasalle.fr\/wp-content\/uploads\/2020\/11\/Carreau_R_9.jpg\" alt=\"Carreau Rodolphe - Process de traitement\" \/><figcaption class=\"elementor-image-carousel-caption\">Carreau Rodolphe - Process de traitement<\/figcaption><\/figure><\/div><div class=\"swiper-slide\" role=\"group\" aria-roledescription=\"slide\" aria-label=\"15 sur 24\"><figure class=\"swiper-slide-inner\"><img decoding=\"async\" class=\"swiper-slide-image\" src=\"https:\/\/studentchaptersegsga.unilasalle.fr\/wp-content\/uploads\/2020\/11\/Carreau_R_8.jpg\" alt=\"Carreau Rodolphe - Engins d&#039;extraction\" \/><figcaption class=\"elementor-image-carousel-caption\">Carreau Rodolphe - Engins d'extraction<\/figcaption><\/figure><\/div><div class=\"swiper-slide\" role=\"group\" aria-roledescription=\"slide\" aria-label=\"16 sur 24\"><figure class=\"swiper-slide-inner\"><img decoding=\"async\" class=\"swiper-slide-image\" src=\"https:\/\/studentchaptersegsga.unilasalle.fr\/wp-content\/uploads\/2020\/11\/Carreau_R_7.jpg\" alt=\"Carreau Rodolphe - Engins d&#039;extraction\" \/><figcaption class=\"elementor-image-carousel-caption\">Carreau Rodolphe - Engins d'extraction<\/figcaption><\/figure><\/div><div class=\"swiper-slide\" role=\"group\" aria-roledescription=\"slide\" aria-label=\"17 sur 24\"><figure class=\"swiper-slide-inner\"><img decoding=\"async\" class=\"swiper-slide-image\" src=\"https:\/\/studentchaptersegsga.unilasalle.fr\/wp-content\/uploads\/2020\/11\/Carreau_R_6.jpg\" alt=\"Carreau Rodolphe - Process de traitement\" \/><figcaption class=\"elementor-image-carousel-caption\">Carreau Rodolphe - Process de traitement<\/figcaption><\/figure><\/div><div class=\"swiper-slide\" role=\"group\" aria-roledescription=\"slide\" aria-label=\"18 sur 24\"><figure class=\"swiper-slide-inner\"><img decoding=\"async\" class=\"swiper-slide-image\" src=\"https:\/\/studentchaptersegsga.unilasalle.fr\/wp-content\/uploads\/2020\/11\/Carreau_R_5.jpg\" alt=\"Carreau Rodolphe avec le Student Chapter\" \/><figcaption class=\"elementor-image-carousel-caption\">Carreau Rodolphe avec le Student Chapter<\/figcaption><\/figure><\/div><div class=\"swiper-slide\" role=\"group\" aria-roledescription=\"slide\" aria-label=\"19 sur 24\"><figure class=\"swiper-slide-inner\"><img decoding=\"async\" class=\"swiper-slide-image\" src=\"https:\/\/studentchaptersegsga.unilasalle.fr\/wp-content\/uploads\/2020\/11\/ASEPAM_1.jpg\" alt=\"Visite de la Mines Gabe Gottes\" \/><figcaption class=\"elementor-image-carousel-caption\">Visite de la Mines Gabe Gottes<\/figcaption><\/figure><\/div><div class=\"swiper-slide\" role=\"group\" aria-roledescription=\"slide\" aria-label=\"20 sur 24\"><figure class=\"swiper-slide-inner\"><img decoding=\"async\" class=\"swiper-slide-image\" src=\"https:\/\/studentchaptersegsga.unilasalle.fr\/wp-content\/uploads\/2020\/11\/ASEPAM_2.jpg\" alt=\"Visite de la Mines Gabe Gottes\" \/><figcaption class=\"elementor-image-carousel-caption\">Visite de la Mines Gabe Gottes<\/figcaption><\/figure><\/div><div class=\"swiper-slide\" role=\"group\" aria-roledescription=\"slide\" aria-label=\"21 sur 24\"><figure class=\"swiper-slide-inner\"><img decoding=\"async\" class=\"swiper-slide-image\" src=\"https:\/\/studentchaptersegsga.unilasalle.fr\/wp-content\/uploads\/2020\/11\/Carreau_R_1.jpg\" alt=\"Le puits Rodolphe 2\" \/><figcaption class=\"elementor-image-carousel-caption\">Le puits Rodolphe 2<\/figcaption><\/figure><\/div><div class=\"swiper-slide\" role=\"group\" aria-roledescription=\"slide\" aria-label=\"22 sur 24\"><figure class=\"swiper-slide-inner\"><img decoding=\"async\" class=\"swiper-slide-image\" src=\"https:\/\/studentchaptersegsga.unilasalle.fr\/wp-content\/uploads\/2020\/11\/Carreau_R_2.jpg\" alt=\"Carreau Rodolphe machinerie\" \/><figcaption class=\"elementor-image-carousel-caption\">Carreau Rodolphe machinerie<\/figcaption><\/figure><\/div><div class=\"swiper-slide\" role=\"group\" aria-roledescription=\"slide\" aria-label=\"23 sur 24\"><figure class=\"swiper-slide-inner\"><img decoding=\"async\" class=\"swiper-slide-image\" src=\"https:\/\/studentchaptersegsga.unilasalle.fr\/wp-content\/uploads\/2020\/11\/Carreau_R_3.jpg\" alt=\"Carreau Rodolphe outils\" \/><figcaption class=\"elementor-image-carousel-caption\">Carreau Rodolphe outils<\/figcaption><\/figure><\/div><div class=\"swiper-slide\" role=\"group\" aria-roledescription=\"slide\" aria-label=\"24 sur 24\"><figure class=\"swiper-slide-inner\"><img decoding=\"async\" class=\"swiper-slide-image\" src=\"https:\/\/studentchaptersegsga.unilasalle.fr\/wp-content\/uploads\/2020\/11\/Carreau_R_4.jpg\" alt=\"Carreau Rodolphe machinerie\" \/><figcaption class=\"elementor-image-carousel-caption\">Carreau Rodolphe machinerie<\/figcaption><\/figure><\/div>\t\t\t<\/div>\n\t\t\t\t\t\t\t\t\t\t\t\t<div class=\"elementor-swiper-button elementor-swiper-button-prev\" role=\"button\" tabindex=\"0\">\n\t\t\t\t\t\t<i aria-hidden=\"true\" class=\"eicon-chevron-left\"><\/i>\t\t\t\t\t<\/div>\n\t\t\t\t\t<div class=\"elementor-swiper-button elementor-swiper-button-next\" role=\"button\" tabindex=\"0\">\n\t\t\t\t\t\t<i aria-hidden=\"true\" class=\"eicon-chevron-right\"><\/i>\t\t\t\t\t<\/div>\n\t\t\t\t\n\t\t\t\t\t\t\t\t\t<div class=\"swiper-pagination\"><\/div>\n\t\t\t\t\t\t\t\t\t<\/div>\n\t\t\t\t\t\t<\/div>\n\t\t\t\t<\/div>\n\t\t\t\t\t<\/div>\n\t\t<\/div>\n\t\t\t\t<div class=\"elementor-column elementor-col-33 elementor-top-column elementor-element elementor-element-8274f93\" data-id=\"8274f93\" data-element_type=\"column\" data-e-type=\"column\">\n\t\t\t<div class=\"elementor-widget-wrap\">\n\t\t\t\t\t\t\t<\/div>\n\t\t<\/div>\n\t\t\t\t<div class=\"elementor-column elementor-col-33 elementor-top-column elementor-element elementor-element-c0070b7\" data-id=\"c0070b7\" data-element_type=\"column\" data-e-type=\"column\">\n\t\t\t<div class=\"elementor-widget-wrap\">\n\t\t\t\t\t\t\t<\/div>\n\t\t<\/div>\n\t\t\t\t\t<\/div>\n\t\t<\/section>\n\t\t\t\t<section class=\"elementor-section elementor-top-section elementor-element elementor-element-21e155d elementor-section-boxed elementor-section-height-default elementor-section-height-default\" data-id=\"21e155d\" data-element_type=\"section\" data-e-type=\"section\">\n\t\t\t\t\t\t<div class=\"elementor-container elementor-column-gap-default\">\n\t\t\t\t\t<div class=\"elementor-column elementor-col-100 elementor-top-column elementor-element elementor-element-4be1ed7\" data-id=\"4be1ed7\" data-element_type=\"column\" data-e-type=\"column\">\n\t\t\t<div class=\"elementor-widget-wrap\">\n\t\t\t\t\t\t\t<\/div>\n\t\t<\/div>\n\t\t\t\t\t<\/div>\n\t\t<\/section>\n\t\t\t\t<section class=\"elementor-section elementor-top-section elementor-element elementor-element-ad00ace elementor-section-boxed elementor-section-height-default elementor-section-height-default\" data-id=\"ad00ace\" data-element_type=\"section\" data-e-type=\"section\">\n\t\t\t\t\t\t<div class=\"elementor-container elementor-column-gap-default\">\n\t\t\t\t\t\t<\/div>\n\t\t<\/section>\n\t\t\t\t<\/div>\n\t\t","protected":false},"excerpt":{"rendered":"<p>Sainte Marie aux mines &#8211; Tellure Sainte Marie aux mines &#8211; Tellure Sainte Marie aux mines &#8211; Tellure Carri\u00e8re de Saint Pierre Bois Carri\u00e8re de Saint Pierre Bois Le mus\u00e9e Kalivie &#8211; Potasse Carreau Rodolphe &#8211; Haveuse Carreau Rodolphe &#8211; Engins d&rsquo;extraction Le projet CIGEO \u00e0 500m sous terre Le [&hellip;]<\/p>\n","protected":false},"author":1,"featured_media":0,"parent":0,"menu_order":0,"comment_status":"closed","ping_status":"closed","template":"page-templates\/template-pagebuilder-full-width.php","meta":{"footnotes":""},"class_list":["post-91","page","type-page","status-publish","hentry"],"_links":{"self":[{"href":"https:\/\/studentchaptersegsga.unilasalle.fr\/index.php\/wp-json\/wp\/v2\/pages\/91","targetHints":{"allow":["GET"]}}],"collection":[{"href":"https:\/\/studentchaptersegsga.unilasalle.fr\/index.php\/wp-json\/wp\/v2\/pages"}],"about":[{"href":"https:\/\/studentchaptersegsga.unilasalle.fr\/index.php\/wp-json\/wp\/v2\/types\/page"}],"author":[{"embeddable":true,"href":"https:\/\/studentchaptersegsga.unilasalle.fr\/index.php\/wp-json\/wp\/v2\/users\/1"}],"replies":[{"embeddable":true,"href":"https:\/\/studentchaptersegsga.unilasalle.fr\/index.php\/wp-json\/wp\/v2\/comments?post=91"}],"version-history":[{"count":9,"href":"https:\/\/studentchaptersegsga.unilasalle.fr\/index.php\/wp-json\/wp\/v2\/pages\/91\/revisions"}],"predecessor-version":[{"id":124,"href":"https:\/\/studentchaptersegsga.unilasalle.fr\/index.php\/wp-json\/wp\/v2\/pages\/91\/revisions\/124"}],"wp:attachment":[{"href":"https:\/\/studentchaptersegsga.unilasalle.fr\/index.php\/wp-json\/wp\/v2\/media?parent=91"}],"curies":[{"name":"wp","href":"https:\/\/api.w.org\/{rel}","templated":true}]}}